{"id":3062,"date":"2022-02-16T16:25:58","date_gmt":"2022-02-16T15:25:58","guid":{"rendered":"https:\/\/www.rbt-tv.de\/rbttv-videowettbewerb\/"},"modified":"2025-01-28T15:59:57","modified_gmt":"2025-01-28T14:59:57","slug":"rbttv-videowettbewerb","status":"publish","type":"page","link":"https:\/\/www.rbt-tv.de\/en\/rbttv-videowettbewerb\/","title":{"rendered":"rbt:tv Videowettbewerb"},"content":{"rendered":"\n<style type=\"text\/css\" data-created_by=\"avia_inline_auto\" id=\"style-css-av-kzprbhiw-b6b088152e4f8eddc42633f6f1493aba\">\n#top .av-special-heading.av-kzprbhiw-b6b088152e4f8eddc42633f6f1493aba{\npadding-bottom:10px;\n}\nbody .av-special-heading.av-kzprbhiw-b6b088152e4f8eddc42633f6f1493aba .av-special-heading-tag .heading-char{\nfont-size:25px;\n}\n.av-special-heading.av-kzprbhiw-b6b088152e4f8eddc42633f6f1493aba .av-subheading{\nfont-size:15px;\n}\n<\/style>\n<div  class='av-special-heading av-kzprbhiw-b6b088152e4f8eddc42633f6f1493aba av-special-heading-h1 blockquote modern-quote modern-centered  avia-builder-el-0  el_before_av_hr  avia-builder-el-first '><h1 class='av-special-heading-tag '  itemprop=\"headline\"  >Gewinnen Sie ein Imagevideo im Wert von<\/h1><div class=\"special-heading-border\"><div class=\"special-heading-inner-border\"><\/div><\/div><\/div>\n\n<style type=\"text\/css\" data-created_by=\"avia_inline_auto\" id=\"style-css-av-4xezor-b04c97b1f17eb0065192ed35654d72ff\">\n#top .hr.hr-invisible.av-4xezor-b04c97b1f17eb0065192ed35654d72ff{\nheight:80px;\n}\n<\/style>\n<div  class='hr av-4xezor-b04c97b1f17eb0065192ed35654d72ff hr-invisible  avia-builder-el-1  el_after_av_heading  el_before_av_animated_numbers '><span class='hr-inner '><span class=\"hr-inner-style\"><\/span><\/span><\/div>\n\n<style type=\"text\/css\" data-created_by=\"avia_inline_auto\" id=\"style-css-av-kzpucwrq-e7a95a06b4edca8065e4e884d321b561\">\n#top .avia-animated-number.av-kzpucwrq-e7a95a06b4edca8065e4e884d321b561 .avia-animated-number-title{\nfont-size:50px;\n}\n.avia-animated-number.av-kzpucwrq-e7a95a06b4edca8065e4e884d321b561 .avia-animated-number-circle-inner{\nborder-style:none;\nbox-shadow:none;\n}\n<\/style>\n<div  class=\"avia-animated-number av-kzpucwrq-e7a95a06b4edca8065e4e884d321b561 av-force-default-color avia_animate_when_visible  avia-builder-el-2  el_after_av_hr  el_before_av_hr  \" data-timer=\"3000\"><strong class=\"heading avia-animated-number-title\"><span class=\"avia-single-number __av-single-number\" data-number_format=\" \" data-number=\"10000\" data-start_from=\"0\">10000<\/span><span class=\"avia-no-number\">\u20ac<\/span><\/strong><div class=\"avia-animated-number-content\"><\/div><\/div>\n<div  class='hr av-2uaauz-f7be737f131e1b4d4631869ad9676d4f hr-default  avia-builder-el-3  el_after_av_animated_numbers  el_before_av_one_third '><span class='hr-inner '><span class=\"hr-inner-style\"><\/span><\/span><\/div>\n<div  class='flex_column av-4su61n-bcfbd5e75cd7184bdae3eec1847076bf av_one_third  avia-builder-el-4  el_after_av_hr  el_before_av_two_third  first flex_column_div  '     ><style type=\"text\/css\" data-created_by=\"avia_inline_auto\" id=\"style-css-av-l0166et7-bd3b6db26afc4288dd016e46df048d9d\">\n#top .av_textblock_section.av-l0166et7-bd3b6db26afc4288dd016e46df048d9d .avia_textblock{\nfont-size:35px;\n}\n<\/style>\n<section  class='av_textblock_section av-l0166et7-bd3b6db26afc4288dd016e46df048d9d '   itemscope=\"itemscope\" itemtype=\"https:\/\/schema.org\/CreativeWork\" ><div class='avia_textblock'  itemprop=\"text\" ><h2>Sagen Sie uns in einem kurzen Video, warum Ihr Unternehmen ein Imagevideo im Wert von 10.000\u20ac gewinnen sollte! Egal ob lustig, kreativ, ernst, skurril, oder abgefahren \u2013 Lassen Sie Ihren Ideen freien Lauf und \u00fcberzeugen Sie Freunde, Familie und Kollegen mit Ihrem Video davon, dass Ihr Unternehmen etwas Besonderes ist. <\/h2>\n<\/div><\/section><\/div>\n<div  class='flex_column av-91fcob-85b66e048a87038d6256e61a182241e8 av_two_third  avia-builder-el-6  el_after_av_one_third  el_before_av_hr  flex_column_div  '     ><p><section  class='av_textblock_section av-l152jcbr-139161cff13681e2dcdbe71c7f33557b '   itemscope=\"itemscope\" itemtype=\"https:\/\/schema.org\/CreativeWork\" ><div class='avia_textblock'  itemprop=\"text\" ><p><iframe title=\"vimeo-player\" data-src=\"https:\/\/player.vimeo.com\/video\/702770815?h=0650848625\" width=\"640\" height=\"360\" frameborder=\"0\" allowfullscreen=\"\" src=\"data:image\/gif;base64,R0lGODlhAQABAAAAACH5BAEKAAEALAAAAAABAAEAAAICTAEAOw==\" class=\"lazyload\" data-load-mode=\"1\"><\/iframe><br \/>\nLaden Sie Ihr Bewerbungsvideo ab sofort auf YouTube, Vimeo, Instagram, Dailymotion oder Facebook hoch. Das Einreichen des Videos geschieht \u00fcber das Einf\u00fcgen der Video-URL im Anmeldeformular. Anschlie\u00dfend entscheidet ein Online-Voting dar\u00fcber, wer der Gewinner ist. Teilen Sie den Link der Gewinnspiel-Seite daher mit Ihren Freunden, Familien, Kollegen und auf Social Media, um m\u00f6glichst viele Votes f\u00fcr Ihr Video zu erhalten!<\/p>\n<\/div><\/section><br \/>\n<section  class='av_textblock_section av-7ypymz-f90973a12a1ff1900af9a1b5d48f9886 '   itemscope=\"itemscope\" itemtype=\"https:\/\/schema.org\/CreativeWork\" ><div class='avia_textblock'  itemprop=\"text\" ><p>Die Abstimmungsphase des Gewinnspiels endet am xx.xx.2022. Das Unternehmen mit den meisten Votes gewinnt das Imagevideo im Wert von 10.000\u20ac. F\u00fcr jedes Unternehmen, das an unserem Gewinnspiel teilnimmt, pflanzen wir x B\u00e4ume.<\/p>\n<\/div><\/section><br \/>\n<div  class='avia-button-wrap av-597dgr-0087e1e16900bd0f394fda5916d8ea07-wrap avia-button-left  avia-builder-el-9  el_after_av_textblock  el_before_av_toggle_container '><a href='https:\/\/www.rbt-tv.de\/video-hochladen\/'  class='avia-button av-597dgr-0087e1e16900bd0f394fda5916d8ea07 av-link-btn avia-icon_select-yes-right-icon avia-size-x-large avia-position-left av-icon-on-hover avia-color-theme-color'   aria-label=\"JETZT MITMACHEN\"><span class='avia_iconbox_title' >JETZT MITMACHEN<\/span><span class='avia_button_icon avia_button_icon_right' aria-hidden='true' data-av_icon='\ue875' data-av_iconfont='entypo-fontello'><\/span><\/a><\/div><br \/>\n\n<style type=\"text\/css\" data-created_by=\"avia_inline_auto\" id=\"style-css-av-3onepn-d769452ea587e4b5212234e45b84d3a9\">\n#top .togglecontainer.av-3onepn-d769452ea587e4b5212234e45b84d3a9 p.toggler{\ncolor:#ffffff;\nbackground-color:#000000;\nborder-color:#000000;\n}\n#top .togglecontainer.av-3onepn-d769452ea587e4b5212234e45b84d3a9 p.toggler.activeTitle{\ncolor:#ffffff;\nborder-color:#ffffff;\nbackground-color:#000000;\n}\n#top .togglecontainer.av-3onepn-d769452ea587e4b5212234e45b84d3a9 p.toggler .toggle_icon{\ncolor:#ffffff;\nborder-color:#ffffff;\n}\n#top .togglecontainer.av-3onepn-d769452ea587e4b5212234e45b84d3a9 .toggle_wrap .toggle_content{\ncolor:#ffffff;\nbackground-color:#000000;\nborder-color:#000000;\n}\n<\/style>\n<div  class='togglecontainer av-3onepn-d769452ea587e4b5212234e45b84d3a9  avia-builder-el-10  el_after_av_button  avia-builder-el-last  toggle_close_all hasCurrentStyle' >\n<section class='av_toggle_section av-2coii3-8e0d26fad5d1f97ded3a33c12fdfca54'  itemscope=\"itemscope\" itemtype=\"https:\/\/schema.org\/CreativeWork\" ><div role=\"tablist\" class=\"single_toggle\" data-tags=\"{All} \"  ><p id='toggle-toggle-id-1' data-fake-id='#toggle-id-1' class='toggler  av-title-above av-inherit-font-color hasCustomColor av-inherit-border-color'  itemprop=\"headline\"  role='tab' tabindex='0' aria-controls='toggle-id-1' data-slide-speed=\"200\" data-title=\"Teilnahmebedingungen f\u00fcr das Gewinnspiel \/ Hinweis zum Datenschutz\" data-title-open=\"\" data-aria_collapsed=\"Click to expand: Teilnahmebedingungen f\u00fcr das Gewinnspiel \/ Hinweis zum Datenschutz\" data-aria_expanded=\"Click to collapse: Teilnahmebedingungen f\u00fcr das Gewinnspiel \/ Hinweis zum Datenschutz\">Teilnahmebedingungen f\u00fcr das Gewinnspiel \/ Hinweis zum Datenschutz<span class=\"toggle_icon\"><span class=\"vert_icon\"><\/span><span class=\"hor_icon\"><\/span><\/span><\/p><div id='toggle-id-1' aria-labelledby='toggle-toggle-id-1' role='region' class='toggle_wrap  av-title-above'  ><div class='toggle_content invers-color av-inherit-font-color hasCustomColor av-inherit-border-color'  itemprop=\"text\" ><p>Mit der Anmeldung zum Gewinnspiel und Fertigung des Bewerbungsvideos erkl\u00e4rt sich der Teilnehmer damit einverstanden, dass sein Video auf die Internetseite <a href=\"https:\/\/www.rbt-tv.de\/rbttv-videowettbewerb\/\">https:\/\/www.rbt-tv.de\/rbttv-videowettbewerb\/<\/a> hochgeladen, dort ver\u00f6ffentlicht und von Dritten bewertet wird. Der Teilnehmer best\u00e4tigt mit der Einreichung des Videos, dass die Videorechte ausschlie\u00dflich bei ihm liegen, dass also auch kein Dritter Rechte an dem eingereichten Video geltend machen kann. Zudem versichert der Teilnehmer, dass alle im Video sichtbaren Personen mit einer Ver\u00f6ffentlichung des Beitrags einverstanden sind. F\u00fcr die Inhalte ist der Verfasser des eingereichten Videos verantwortlich. Viel Gl\u00fcck und Erfolg w\u00fcnscht das Team von riba:businesstalk GmbH!   <\/p>\n<p><strong>Teilnahmebedingungen f\u00fcr das Gewinnspiel \/ Hinweis zum Datenschutz<\/strong><\/p>\n<ol>\n<li>Diese Teilnahmebedingung regelt die Teilnahme am Gewinnspiel, das die riba:businesstallk GmbH, Klostergut Besselich 56182 Urbar, auf der Website <a href=\"http:\/\/www.rbt-tv.de\">rbt-tv.de<\/a>, nachfolgend als \u201eVeranstalter\u201c bezeichnet, anbietet.<\/li>\n<li>Das Gewinnspiel erfolgt durch ein Online-Voting. F\u00fcr dieses Online-Voting werden Videos der Bewerber auf <a href=\"http:\/\/www.rbt-tv.de\">rbt-tv.de<\/a> ver\u00f6ffentlicht. Die Internet-Community w\u00e4hlt durch Likes den Sieger.  <\/li>\n<li>Teilnahmeberechtigt sind alle Unternehmen, die ihren Unternehmenssitz in Deutschland haben. Von der Teilnahme ausgeschlossen sind alle Mitarbeiter des Veranstalters und deren Angeh\u00f6rige sowie Einzelpersonen. Die Teilnahme \u00fcber Gewinnspielagenturen ist untersagt, ebenso die mehrfache Teilnahme mithilfe unterschiedlicher Accounts zum Zwecke der Chancenerh\u00f6hung.  <\/li>\n<li>Um an dem Gewinnspiel teilnehmen zu k\u00f6nnen, ist das Online-Anmeldeformular nebst der abgefragten Kontaktdaten (Unternehmensname, Ansprechpartner, E-Mail-Adresse) vollst\u00e4ndig auszuf\u00fcllen und abzuschicken. Eine Teilnahme auf anderem Wege ist nicht m\u00f6glich. <\/li>\n<li>Jedes Unternehmen darf nur einmal unter Angabe seiner E-Mail-Adresse teilnehmen. Zur \u00dcberpr\u00fcfung der Fristwahrung dient die elektronisch protokollierte Anmeldung beim Veranstalter. <\/li>\n<li>Der Veranstalter ist berechtigt, einzelne Unternehmen von der Teilnahme auszuschlie\u00dfen, z.B. bei Verst\u00f6\u00dfen gegen die vorgenannten Bedingungen sowie bei dem nachweislichen Versuch der Manipulation oder bei erfolgter Manipulation.<\/li>\n<li>Der Veranstalter hat die Verf\u00fcgbarkeit und die Funktionen des Gewinnspiels auf der Website nicht zu gew\u00e4hrleisten (so zum Beispiel bei Serverausf\u00e4llen). Das Gewinnspiel kann aufgrund unvorhergesehener, au\u00dferhalb des Einflussbereichs des Veranstalters liegender Umst\u00e4nde, ver\u00e4ndert, ausgesetzt oder beendet werden, ohne dass den Teilnehmern hieraus etwaige Anspr\u00fcche entstehen. Als solche Umst\u00e4nde sind insbesondere der Ausfall von Hard- und Software, das Auftreten von Programmfehlern oder Computerviren, das nicht autorisierte Eingreifen Dritter sowie mechanische, technische oder rechtliche Probleme anzusehen, die nicht im Einflussbereich des Veranstalters liegen.  <\/li>\n<li>Einsendeschluss ist der in dem Gewinnspiel angegebene Termin. Nur rechtzeitig und vollst\u00e4ndig ausgef\u00fcllte Anmeldeformulare werden ber\u00fccksichtigt. F\u00fcr den ausbleibenden, versp\u00e4teten oder unvollst\u00e4ndigen Zugang \u00fcbermittelter Daten ist der Veranstalter nicht verantwortlich.  <\/li>\n<li>Der Gewinner wird durch das Online-Voting ermittelt. Der Teilnehmer mit den meisten, bis zum xx.2022 abgegebenen Votes hat das Gewinnspiel gewonnen. Wenn der Teilnehmer auf den Gewinn verzichtet, erh\u00e4lt der Teilnehmer mit den zweitmeisten Stimmen den Gewinn. Der Gewinner wird unmittelbar nach Ende des Gewinnspiels per E-Mail benachrichtigt und um Best\u00e4tigung und Annahme des Gewinns gebeten. Best\u00e4tigt der jeweilige Teilnehmer nicht innerhalb von x Tagen nach Zugang der Mitteilung, dass er den Gewinn annimmt, wird der N\u00e4chste ihm folgende Teilnehmer Gewinner.    <\/li>\n<li>Eine Auszahlung des Gewinns in bar oder ein Tausch des Gewinns ist nicht m\u00f6glich, der Gewinn ist nicht \u00fcbertragbar.<\/li>\n<li>Der Veranstalter wird mit der Aush\u00e4ndigung des Gewinns von allen Verpflichtungen befreit.<\/li>\n<li>Der Gewinner kann in den Medien des Veranstalters namentlich, also f\u00fcr Dritte identifizierbar, ver\u00f6ffentlicht werden.<\/li>\n<li>F\u00fcr jedes Unternehmen, das an dem Gewinnspiel teilnimmt, pflanzt der Veranstalter x B\u00e4ume.<\/li>\n<li>Die Kontaktdaten des Teilnehmers (Name, E-Mail-Adresse) werden zur Durchf\u00fchrung des Gewinnspiels im Rahmen der gesetzlichen Vorgaben vom Veranstalter erhoben, verarbeitet und genutzt. Die Daten werden regelm\u00e4\u00dfig gel\u00f6scht. <\/li>\n<li>Sollte eine Bestimmung dieser Teilnahmebedingungen ganz oder teilweise unwirksam sein oder werden, so wird dadurch die G\u00fcltigkeit dieser Teilnahmebedingungen im \u00dcbrigen nicht ber\u00fchrt. Statt der unwirksamen Bestimmung gilt diejenige gesetzlich zul\u00e4ssige Regelung, die dem in der unwirksamen Bestimmung zum Ausdruck gekommenen Sinn und Zweck wirtschaftlich am n\u00e4chsten kommt. Entsprechendes gilt f\u00fcr den Fall des Vorliegens einer Regelungsl\u00fccke in diesen Teilnahmebedingungen.  <\/li>\n<\/ol>\n<\/div><\/div><\/div><\/section>\n<\/div><\/p><\/div>\n\n<style type=\"text\/css\" data-created_by=\"avia_inline_auto\" id=\"style-css-av-1ynr7f-859614693e816fbb7aefcf7cc305edff\">\n#top .hr.hr-invisible.av-1ynr7f-859614693e816fbb7aefcf7cc305edff{\nheight:80px;\n}\n<\/style>\n<div  class='hr av-1ynr7f-859614693e816fbb7aefcf7cc305edff hr-invisible  avia-builder-el-11  el_after_av_two_third  avia-builder-el-last '><span class='hr-inner '><span class=\"hr-inner-style\"><\/span><\/span><\/div>\n","protected":false},"excerpt":{"rendered":"","protected":false},"author":1,"featured_media":0,"parent":0,"menu_order":0,"comment_status":"closed","ping_status":"closed","template":"","meta":{"pgc_sgb_lightbox_settings":"","footnotes":""},"class_list":["post-3062","page","type-page","status-publish","hentry"],"yoast_head":"<!-- This site is optimized with the Yoast SEO plugin v25.1 - https:\/\/yoast.com\/wordpress\/plugins\/seo\/ -->\n<title>rbt:tv Videowettbewerb - RBT TV<\/title>\n<meta name=\"robots\" content=\"index, follow, max-snippet:-1, max-image-preview:large, max-video-preview:-1\" \/>\n<link rel=\"canonical\" href=\"https:\/\/www.rbt-tv.de\/en\/rbttv-videowettbewerb\/\" \/>\n<meta property=\"og:locale\" content=\"en_US\" \/>\n<meta property=\"og:type\" content=\"article\" \/>\n<meta property=\"og:title\" content=\"rbt:tv Videowettbewerb - RBT TV\" \/>\n<meta property=\"og:url\" content=\"https:\/\/www.rbt-tv.de\/en\/rbttv-videowettbewerb\/\" \/>\n<meta property=\"og:site_name\" content=\"RBT TV\" \/>\n<meta property=\"article:modified_time\" content=\"2025-01-28T14:59:57+00:00\" \/>\n<meta name=\"twitter:card\" content=\"summary_large_image\" \/>\n<meta name=\"twitter:label1\" content=\"Est. reading time\" \/>\n\t<meta name=\"twitter:data1\" content=\"11 minutes\" \/>\n<script type=\"application\/ld+json\" class=\"yoast-schema-graph\">{\"@context\":\"https:\/\/schema.org\",\"@graph\":[{\"@type\":\"WebPage\",\"@id\":\"https:\/\/www.rbt-tv.de\/en\/rbttv-videowettbewerb\/\",\"url\":\"https:\/\/www.rbt-tv.de\/en\/rbttv-videowettbewerb\/\",\"name\":\"rbt:tv Videowettbewerb - RBT TV\",\"isPartOf\":{\"@id\":\"https:\/\/www.rbt-tv.de\/en\/#website\"},\"datePublished\":\"2022-02-16T15:25:58+00:00\",\"dateModified\":\"2025-01-28T14:59:57+00:00\",\"breadcrumb\":{\"@id\":\"https:\/\/www.rbt-tv.de\/en\/rbttv-videowettbewerb\/#breadcrumb\"},\"inLanguage\":\"en-US\",\"potentialAction\":[{\"@type\":\"ReadAction\",\"target\":[\"https:\/\/www.rbt-tv.de\/en\/rbttv-videowettbewerb\/\"]}]},{\"@type\":\"BreadcrumbList\",\"@id\":\"https:\/\/www.rbt-tv.de\/en\/rbttv-videowettbewerb\/#breadcrumb\",\"itemListElement\":[{\"@type\":\"ListItem\",\"position\":1,\"name\":\"Startseite\",\"item\":\"https:\/\/www.rbt-tv.de\/en\/home\/\"},{\"@type\":\"ListItem\",\"position\":2,\"name\":\"rbt:tv Videowettbewerb\"}]},{\"@type\":\"WebSite\",\"@id\":\"https:\/\/www.rbt-tv.de\/en\/#website\",\"url\":\"https:\/\/www.rbt-tv.de\/en\/\",\"name\":\"RBT TV\",\"description\":\"Bewegtbild bewegt\",\"potentialAction\":[{\"@type\":\"SearchAction\",\"target\":{\"@type\":\"EntryPoint\",\"urlTemplate\":\"https:\/\/www.rbt-tv.de\/en\/?s={search_term_string}\"},\"query-input\":{\"@type\":\"PropertyValueSpecification\",\"valueRequired\":true,\"valueName\":\"search_term_string\"}}],\"inLanguage\":\"en-US\"}]}<\/script>\n<!-- \/ Yoast SEO plugin. -->","yoast_head_json":{"title":"rbt:tv Videowettbewerb - RBT TV","robots":{"index":"index","follow":"follow","max-snippet":"max-snippet:-1","max-image-preview":"max-image-preview:large","max-video-preview":"max-video-preview:-1"},"canonical":"https:\/\/www.rbt-tv.de\/en\/rbttv-videowettbewerb\/","og_locale":"en_US","og_type":"article","og_title":"rbt:tv Videowettbewerb - RBT TV","og_url":"https:\/\/www.rbt-tv.de\/en\/rbttv-videowettbewerb\/","og_site_name":"RBT TV","article_modified_time":"2025-01-28T14:59:57+00:00","twitter_card":"summary_large_image","twitter_misc":{"Est. reading time":"11 minutes"},"schema":{"@context":"https:\/\/schema.org","@graph":[{"@type":"WebPage","@id":"https:\/\/www.rbt-tv.de\/en\/rbttv-videowettbewerb\/","url":"https:\/\/www.rbt-tv.de\/en\/rbttv-videowettbewerb\/","name":"rbt:tv Videowettbewerb - RBT TV","isPartOf":{"@id":"https:\/\/www.rbt-tv.de\/en\/#website"},"datePublished":"2022-02-16T15:25:58+00:00","dateModified":"2025-01-28T14:59:57+00:00","breadcrumb":{"@id":"https:\/\/www.rbt-tv.de\/en\/rbttv-videowettbewerb\/#breadcrumb"},"inLanguage":"en-US","potentialAction":[{"@type":"ReadAction","target":["https:\/\/www.rbt-tv.de\/en\/rbttv-videowettbewerb\/"]}]},{"@type":"BreadcrumbList","@id":"https:\/\/www.rbt-tv.de\/en\/rbttv-videowettbewerb\/#breadcrumb","itemListElement":[{"@type":"ListItem","position":1,"name":"Startseite","item":"https:\/\/www.rbt-tv.de\/en\/home\/"},{"@type":"ListItem","position":2,"name":"rbt:tv Videowettbewerb"}]},{"@type":"WebSite","@id":"https:\/\/www.rbt-tv.de\/en\/#website","url":"https:\/\/www.rbt-tv.de\/en\/","name":"RBT TV","description":"Bewegtbild bewegt","potentialAction":[{"@type":"SearchAction","target":{"@type":"EntryPoint","urlTemplate":"https:\/\/www.rbt-tv.de\/en\/?s={search_term_string}"},"query-input":{"@type":"PropertyValueSpecification","valueRequired":true,"valueName":"search_term_string"}}],"inLanguage":"en-US"}]}},"_links":{"self":[{"href":"https:\/\/www.rbt-tv.de\/en\/wp-json\/wp\/v2\/pages\/3062","targetHints":{"allow":["GET"]}}],"collection":[{"href":"https:\/\/www.rbt-tv.de\/en\/wp-json\/wp\/v2\/pages"}],"about":[{"href":"https:\/\/www.rbt-tv.de\/en\/wp-json\/wp\/v2\/types\/page"}],"author":[{"embeddable":true,"href":"https:\/\/www.rbt-tv.de\/en\/wp-json\/wp\/v2\/users\/1"}],"replies":[{"embeddable":true,"href":"https:\/\/www.rbt-tv.de\/en\/wp-json\/wp\/v2\/comments?post=3062"}],"version-history":[{"count":2,"href":"https:\/\/www.rbt-tv.de\/en\/wp-json\/wp\/v2\/pages\/3062\/revisions"}],"predecessor-version":[{"id":3064,"href":"https:\/\/www.rbt-tv.de\/en\/wp-json\/wp\/v2\/pages\/3062\/revisions\/3064"}],"wp:attachment":[{"href":"https:\/\/www.rbt-tv.de\/en\/wp-json\/wp\/v2\/media?parent=3062"}],"curies":[{"name":"wp","href":"https:\/\/api.w.org\/{rel}","templated":true}]}}